{"id":805,"date":"2021-01-27T15:46:35","date_gmt":"2021-01-27T14:46:35","guid":{"rendered":"http:\/\/opti2023.svh-meisterschaft.de\/svh-club-area\/"},"modified":"2021-01-29T13:15:05","modified_gmt":"2021-01-29T12:15:05","slug":"svh-club-area","status":"publish","type":"page","link":"https:\/\/ilca2024.svh-meisterschaft.de\/en\/svh-club-area\/","title":{"rendered":"SVH club area"},"content":{"rendered":"\n<h2 class=\"wp-block-heading\"><strong>SVH club area<\/strong><\/h2>\n\n<p>The Seglervereinigung H\u00fcde is located in H\u00fcde on the south-eastern bank of the D\u00fcmmer with its Lower Saxony state sailing base. <br\/>The clubhouse and the marina for inland vessels are directly opposite, separated only by the dyke. Three large and comfortable slipways are available for the dinghies and catamarans. <br\/>For larger boats, SVH has a comfortable crane system with a lifting weight of up to 3 t. <\/p>\n\n<div class=\"wp-block-image\"><figure class=\"alignleft size-medium\"><img loading=\"lazy\" decoding=\"async\" width=\"300\" height=\"183\" src=\"https:\/\/ilca2024.svh-meisterschaft.de\/wp-content\/uploads\/sites\/15\/2020\/08\/Motorboot1-1-300x183.jpg\" alt=\"\" class=\"wp-image-526\" srcset=\"https:\/\/ilca2024.svh-meisterschaft.de\/wp-content\/uploads\/sites\/15\/2020\/08\/Motorboot1-1-300x183.jpg 300w, https:\/\/ilca2024.svh-meisterschaft.de\/wp-content\/uploads\/sites\/15\/2020\/08\/Motorboot1-1-768x467.jpg 768w, https:\/\/ilca2024.svh-meisterschaft.de\/wp-content\/uploads\/sites\/15\/2020\/08\/Motorboot1-1.jpg 1024w\" sizes=\"auto, (max-width: 300px) 100vw, 300px\" \/><\/figure><\/div>\n\n<p>A large robust motor vessel and a RIB as rescue and regatta boats have their berth in the SVH.<\/p>\n\n<p><\/p>\n\n<h2 class=\"wp-block-heading\">SVH Clubhouse<\/h2>\n\n<div class=\"wp-block-image\"><figure class=\"alignright size-medium\"><a href=\"http:\/\/ok-jollen2020.svh-meisterschaft.de\/wp-content\/uploads\/sites\/3\/2020\/04\/SVH-Clubhaus-web.jpg\"><img loading=\"lazy\" decoding=\"async\" width=\"300\" height=\"200\" src=\"https:\/\/ilca2024.svh-meisterschaft.de\/wp-content\/uploads\/sites\/15\/2020\/04\/SVH-Clubhaus-web-300x200.jpg\" alt=\"\" class=\"wp-image-510\" srcset=\"https:\/\/ilca2024.svh-meisterschaft.de\/wp-content\/uploads\/sites\/15\/2020\/04\/SVH-Clubhaus-web-300x200.jpg 300w, https:\/\/ilca2024.svh-meisterschaft.de\/wp-content\/uploads\/sites\/15\/2020\/04\/SVH-Clubhaus-web-1024x682.jpg 1024w, https:\/\/ilca2024.svh-meisterschaft.de\/wp-content\/uploads\/sites\/15\/2020\/04\/SVH-Clubhaus-web-768x512.jpg 768w, https:\/\/ilca2024.svh-meisterschaft.de\/wp-content\/uploads\/sites\/15\/2020\/04\/SVH-Clubhaus-web-600x400.jpg 600w, https:\/\/ilca2024.svh-meisterschaft.de\/wp-content\/uploads\/sites\/15\/2020\/04\/SVH-Clubhaus-web.jpg 1280w\" sizes=\"auto, (max-width: 300px) 100vw, 300px\" \/><\/a><\/figure><\/div>\n\n<p>The SVH clubhouse is also the soul of the club. The house is equipped for the &#8220;normal&#8221; club life as well as for the rush of out-of-town sailors. In order to meet the requirements, the members have to keep updating their clubhouse. A few years ago, the clubhouse was renovated at great expense.<\/p>\n\n<h2 class=\"wp-block-heading\">Harbour facility according to ecological aspects<\/h2>\n\n<div class=\"wp-block-image\"><figure class=\"alignright size-medium\"><a href=\"http:\/\/ok-jollen2020.svh-meisterschaft.de\/wp-content\/uploads\/sites\/3\/2020\/04\/SVH-Hafen-Luftbild.jpg\"><img loading=\"lazy\" decoding=\"async\" width=\"300\" height=\"225\" src=\"https:\/\/ilca2024.svh-meisterschaft.de\/wp-content\/uploads\/sites\/15\/2020\/04\/SVH-Hafen-Luftbild-300x225.jpg\" alt=\"\" class=\"wp-image-509\" srcset=\"https:\/\/ilca2024.svh-meisterschaft.de\/wp-content\/uploads\/sites\/15\/2020\/04\/SVH-Hafen-Luftbild-300x225.jpg 300w, https:\/\/ilca2024.svh-meisterschaft.de\/wp-content\/uploads\/sites\/15\/2020\/04\/SVH-Hafen-Luftbild-1024x768.jpg 1024w, https:\/\/ilca2024.svh-meisterschaft.de\/wp-content\/uploads\/sites\/15\/2020\/04\/SVH-Hafen-Luftbild-768x576.jpg 768w, https:\/\/ilca2024.svh-meisterschaft.de\/wp-content\/uploads\/sites\/15\/2020\/04\/SVH-Hafen-Luftbild.jpg 1280w\" sizes=\"auto, (max-width: 300px) 100vw, 300px\" \/><\/a><\/figure><\/div>\n\n<p>The SVH harbour, newly built in 2005 according to ecological principles, is certainly a jewel. <br\/>After eight years of preparation, the club was able to prove that sailing on the one hand and flora and fauna on the other can certainly coexist. A total of six slipways and a spacious area ensure smooth operations in both normal and regatta mode. Nevertheless, you can relax in peace on these grounds. An abundance of fish in the harbour, water plants that have become rare and breeding pairs of birds are now part of the usual picture.<\/p>\n\n<figure class=\"wp-block-image alignfull size-large\"><img loading=\"lazy\" decoding=\"async\" width=\"1024\" height=\"512\" src=\"https:\/\/ilca2024.svh-meisterschaft.de\/wp-content\/uploads\/sites\/15\/2020\/04\/Vereinsgelaende-SVH-1024x512.jpg\" alt=\"\" class=\"wp-image-508\" srcset=\"https:\/\/ilca2024.svh-meisterschaft.de\/wp-content\/uploads\/sites\/15\/2020\/04\/Vereinsgelaende-SVH-1024x512.jpg 1024w, https:\/\/ilca2024.svh-meisterschaft.de\/wp-content\/uploads\/sites\/15\/2020\/04\/Vereinsgelaende-SVH-300x150.jpg 300w, https:\/\/ilca2024.svh-meisterschaft.de\/wp-content\/uploads\/sites\/15\/2020\/04\/Vereinsgelaende-SVH-768x384.jpg 768w, https:\/\/ilca2024.svh-meisterschaft.de\/wp-content\/uploads\/sites\/15\/2020\/04\/Vereinsgelaende-SVH-1536x768.jpg 1536w, https:\/\/ilca2024.svh-meisterschaft.de\/wp-content\/uploads\/sites\/15\/2020\/04\/Vereinsgelaende-SVH-800x400.jpg 800w, https:\/\/ilca2024.svh-meisterschaft.de\/wp-content\/uploads\/sites\/15\/2020\/04\/Vereinsgelaende-SVH.jpg 1600w\" sizes=\"auto, (max-width: 1024px) 100vw, 1024px\" \/><\/figure>\n","protected":false},"excerpt":{"rendered":"<p>SVH club area The Seglervereinigung H\u00fcde is located in H\u00fcde on the south-eastern bank of the D\u00fcmmer with its Lower Saxony state sailing base. The clubhouse and the marina for inland vessels are directly opposite, separated only by the dyke. Three large and comfortable slipways are available for the dinghies and catamarans. For larger boats, [&hellip;]<\/p>\n","protected":false},"author":1,"featured_media":831,"parent":0,"menu_order":0,"comment_status":"closed","ping_status":"closed","template":"","meta":{"_uag_custom_page_level_css":"","_genesis_hide_title":false,"_genesis_hide_breadcrumbs":false,"_genesis_hide_singular_image":false,"_genesis_hide_footer_widgets":false,"_genesis_custom_body_class":"","_genesis_custom_post_class":"","_genesis_layout":"full-width-content","footnotes":""},"class_list":{"0":"post-805","1":"page","2":"type-page","3":"status-publish","4":"has-post-thumbnail","6":"entry"},"uagb_featured_image_src":{"full":["https:\/\/ilca2024.svh-meisterschaft.de\/wp-content\/uploads\/sites\/15\/2021\/01\/HafenSVHBSC.jpeg",1600,799,false],"thumbnail":["https:\/\/ilca2024.svh-meisterschaft.de\/wp-content\/uploads\/sites\/15\/2021\/01\/HafenSVHBSC-150x150.jpeg",150,150,true],"medium":["https:\/\/ilca2024.svh-meisterschaft.de\/wp-content\/uploads\/sites\/15\/2021\/01\/HafenSVHBSC-300x150.jpeg",300,150,true],"medium_large":["https:\/\/ilca2024.svh-meisterschaft.de\/wp-content\/uploads\/sites\/15\/2021\/01\/HafenSVHBSC-768x384.jpeg",768,384,true],"large":["https:\/\/ilca2024.svh-meisterschaft.de\/wp-content\/uploads\/sites\/15\/2021\/01\/HafenSVHBSC-1024x511.jpeg",1024,511,true],"1536x1536":["https:\/\/ilca2024.svh-meisterschaft.de\/wp-content\/uploads\/sites\/15\/2021\/01\/HafenSVHBSC-1536x767.jpeg",1536,767,true],"2048x2048":["https:\/\/ilca2024.svh-meisterschaft.de\/wp-content\/uploads\/sites\/15\/2021\/01\/HafenSVHBSC.jpeg",1600,799,false],"sidebar-featured-thumb":["https:\/\/ilca2024.svh-meisterschaft.de\/wp-content\/uploads\/sites\/15\/2021\/01\/HafenSVHBSC-70x60.jpeg",70,60,true],"featured-image":["https:\/\/ilca2024.svh-meisterschaft.de\/wp-content\/uploads\/sites\/15\/2021\/01\/HafenSVHBSC-800x400.jpeg",800,400,true],"header-hero":["https:\/\/ilca2024.svh-meisterschaft.de\/wp-content\/uploads\/sites\/15\/2021\/01\/HafenSVHBSC.jpeg",1600,799,false]},"uagb_author_info":{"display_name":"Seglervereinigung H\u00fcde","author_link":"https:\/\/ilca2024.svh-meisterschaft.de\/en\/author\/tb23svh34meist\/"},"uagb_comment_info":0,"uagb_excerpt":"SVH club area The Seglervereinigung H\u00fcde is located in H\u00fcde on the south-eastern bank of the D\u00fcmmer with its Lower Saxony state sailing base. The clubhouse and the marina for inland vessels are directly opposite, separated only by the dyke. Three large and comfortable slipways are available for the dinghies and catamarans. For larger boats,&hellip;","_links":{"self":[{"href":"https:\/\/ilca2024.svh-meisterschaft.de\/en\/wp-json\/wp\/v2\/pages\/805","targetHints":{"allow":["GET"]}}],"collection":[{"href":"https:\/\/ilca2024.svh-meisterschaft.de\/en\/wp-json\/wp\/v2\/pages"}],"about":[{"href":"https:\/\/ilca2024.svh-meisterschaft.de\/en\/wp-json\/wp\/v2\/types\/page"}],"author":[{"embeddable":true,"href":"https:\/\/ilca2024.svh-meisterschaft.de\/en\/wp-json\/wp\/v2\/users\/1"}],"replies":[{"embeddable":true,"href":"https:\/\/ilca2024.svh-meisterschaft.de\/en\/wp-json\/wp\/v2\/comments?post=805"}],"version-history":[{"count":9,"href":"https:\/\/ilca2024.svh-meisterschaft.de\/en\/wp-json\/wp\/v2\/pages\/805\/revisions"}],"predecessor-version":[{"id":838,"href":"https:\/\/ilca2024.svh-meisterschaft.de\/en\/wp-json\/wp\/v2\/pages\/805\/revisions\/838"}],"wp:featuredmedia":[{"embeddable":true,"href":"https:\/\/ilca2024.svh-meisterschaft.de\/en\/wp-json\/wp\/v2\/media\/831"}],"wp:attachment":[{"href":"https:\/\/ilca2024.svh-meisterschaft.de\/en\/wp-json\/wp\/v2\/media?parent=805"}],"curies":[{"name":"wp","href":"https:\/\/api.w.org\/{rel}","templated":true}]}}