{"id":1102,"date":"2023-06-02T09:44:41","date_gmt":"2023-06-02T07:44:41","guid":{"rendered":"https:\/\/ilca2024.svh-meisterschaft.de\/helpful-addresses\/"},"modified":"2023-06-13T14:54:35","modified_gmt":"2023-06-13T12:54:35","slug":"helpful-addresses","status":"publish","type":"page","link":"https:\/\/ilca2024.svh-meisterschaft.de\/en\/helpful-addresses\/","title":{"rendered":"Helpful addresses"},"content":{"rendered":"\n<h2 class=\"wp-block-heading\">Medical doctors<\/h2>\n\n<p><strong>General<\/strong><\/p>\n\n<p>Burggrabenpraxis, 49448 Lemf\u00f6rde, Am Burggraben 12 Tel: 05443-8877<\/p>\n\n<p>Dr. Detert, 49448, Lemf\u00f6rde, Bahnhofstra\u00dfe 6, Tel: 05443-1021<\/p>\n\n<p><strong>Dentists<\/strong><\/p>\n\n<p>Dr. Hopmann, Dr. Maak, 49448, Untere Bergstra\u00dfe 12, 49448 Lemf\u00f6rde. Tel: 05443-374<\/p>\n\n<p>Smit, Hubertusstra\u00dfe, 49448 Lemf\u00f6rde, Hubertusstra\u00dfe 12, Tel: 05443-8403<\/p>\n\n<p><strong>Veterinarians:<\/strong><\/p>\n\n<p>Dr. Henseleit, Ludwig-Gefe Stra\u00dfe 9, 49448 H\u00fcde, Tel: 05443-2194<\/p>\n\n<h2 class=\"wp-block-heading\">Pharmacies<\/h2>\n\n<p>Burgapotheke, 49448 Lemf\u00f6rde Burgstra\u00dfe 2, Tel: 05443-203013<\/p>\n\n<p>L\u00f6wenapotheke, 49448 Lemf\u00f6rde, Hauptstra\u00dfe 105, Tel: 05443-9939-0<\/p>\n\n<p>Apotheke am See, 49459 Lembruch, Alte Dorfstra\u00dfe 5, Tel: 05447-1099<\/p>\n\n<h2 class=\"wp-block-heading\">Bakeries<\/h2>\n\n<p>Overmeyer, 49448 H\u00fcde, Ludwig-Gefe -Stra\u00dfe 1<\/p>\n\n<p>Schmidt, 49448 Lemf\u00f6rde, Hauptstra\u00dfe 44<\/p>\n\n<h2 class=\"wp-block-heading\">Banks<\/h2>\n\n<p>Kreissparkasse Diepholz, 49448 Lemf\u00f6rde, Hauptstra\u00dfe 99, Tel: 05443-9951-0<\/p>\n\n<p>Volksbank L\u00fcbbecker Land, 49448 Lemf\u00f6rde, Hauptstra\u00dfe 103, Tel: 05443-2070<\/p>\n\n<p>Kreissparkasse Diepholz, 49459 Lembruch, Gro\u00dfe Stra\u00dfe 76, ATM ONLY<\/p>\n\n<p>Volksbank L\u00fcbbecker Land, 49459 Lembruch, Gro\u00dfe Stra\u00dfe 62, Tel: 05447-1414<\/p>\n\n<h2 class=\"wp-block-heading\">Boat accessories \/ sailor clothing etc.<\/h2>\n\n<p>Fricke &amp; Dannhus, 49459 Lembruch, Gro\u00dfe Stra\u00dfe 25, Tel: 05447-274 <\/p>\n\n<p>Opening hours: <\/p>\n\n<p>Mon-Fri: 9.00-12.00, 14.00-18.00<\/p>\n\n<p>Sat: 9.00-14.00<\/p>\n\n<p>Sun: 9.00-12.30<\/p>\n\n<h2 class=\"wp-block-heading\">Boat repairs<\/h2>\n\n<p>Fricke&amp; Dannhus, 49448 H\u00fcde, Um die Hah 72 Tel: 05443-1085<\/p>\n\n<h2 class=\"wp-block-heading\">Boat hire<\/h2>\n\n<p>\u201eGodewind\u201c 49448 H\u00fcde, Zum Fischerort 29, Tel:05443- Segel\/Tretboote, SUP,<\/p>\n\n<h2 class=\"wp-block-heading\">Caf\u00e9s<\/h2>\n\n<p>Caf\u00e9 Landlust, 49448 H\u00fcde, Im Dorfe 115<\/p>\n\n<p>Eis Manufaktur, 49448, H\u00fcde, Ludwig-Gefe-Stra\u00dfe 1<\/p>\n\n<p>B\u00e4ckerei Overmeyer, 49448 H\u00fcde, Ludwig-Gefe-Stra\u00dfe 1<\/p>\n\n<p>Hofcaf\u00e9 M\u00f6ller, 49448 H\u00fcde, Im Dorfe 53<\/p>\n\n<h2 class=\"wp-block-heading\">Shopping<\/h2>\n\n<p>Hofladen, 49448 H\u00fcde, Im Dorfe 53,<\/p>\n\n<p>Aldi-Markt, 49448 Lemf\u00f6rde, Burgstra\u00dfe 18b,<\/p>\n\n<p>Combi-Markt, 49448 Lemf\u00f6rde, Burgstra\u00dfe 7<\/p>\n\n<p>Edeka-Markt, 49448 Lemf\u00f6rde, Burgstra\u00dfe 18<\/p>\n\n<p>Rossmann, 49448 Lemf\u00f6rde, Hauptstra\u00dfe 48<\/p>\n\n<p>Weekly market, 49448 Lemf\u00f6rde, Thursdays: 8.00-12.00 in front of the town hall, Hauptstra\u00dfe 80<\/p>\n\n<h2 class=\"wp-block-heading\">Bicycle rental \/ repairs<\/h2>\n\n<p>Holy, 49459 Lembruch, Gro\u00dfe Stra\u00dfe 17, Tel: 05447-997040<\/p>\n\n<h2 class=\"wp-block-heading\">Leisure<\/h2>\n\n<p>Abenteuergolf, 49448 H\u00fcde, Zum Fischerhafen 42, Tel: 0151-15250715<\/p>\n\n<p>Abenteuerspielplatz, 49448 H\u00fcde, Zum Fischerhafen, direkt am See<\/p>\n\n<p>D\u00fcmmer Museum, 49459 Lembruch, G\u00f6tkers Hof 1, Tel: 05447-341<\/p>\n\n<p>Hallenbad- Sauna,- Solarium, 49448 H\u00fcde, Im Dorfe 19, Tel: 05443-8563<\/p>\n\n<p>Hallenbad und Spa im \u201eMarissa-Resort\u201c, 49459 Lembruch, Tel:05447-921010<\/p>\n\n<p>Cinema \u201eLichtburg\u201c, 49448 Quernheim, Unter den Eichen 19, Tel: 05443-469<\/p>\n\n<p>Climbing park \u201eLykkeland im Marissa Resort\u201c, 49459 Lembruch, Schodden Hof 3 Tel: 05447-921010<\/p>\n\n<p>Nature conservation station, 49448 H\u00fcde, Am Ochsenmoor 52, Daily 10.00-18.00, free admission<\/p>\n\n<p>Robins-Surf-Arena, 49448 H\u00fcde, Rohrdommelweg 41, Tel: 05443-2468<\/p>\n\n<p>Tierpark Str\u00f6hen- der Entdeckerzoo, 49419 Str\u00f6hen, Tierparkstra\u00dfe 43, Tel: 05774-505<\/p>\n\n<h2 class=\"wp-block-heading\">Guided tours<\/h2>\n\n<p>St. Marienkirche Burlage, various topics, info in the parish office, Tel: 05443-8400<\/p>\n\n<p>Hikes, cycling tours see under: Tourist Info<\/p>\n\n<h2 class=\"wp-block-heading\">Guided tours<\/h2>\n\n<p>Ev.-luth. St. Marien Burlage, 49448 H\u00fcde, OT Burlage, Alt Burlage 23<\/p>\n\n<p>Ev.-luth. Kirche Brockum, Kirchstra\u00dfe 64, 49448 Brockum<\/p>\n\n<p>Ev.-luth. Martin Luther Kirche Lemf\u00f6rde, 49448 Lemf\u00f6rde, Hauptstra\u00dfe<\/p>\n\n<p>Kath.-Kirche \u201eZu den heiligen Engeln\u201c, 49448 Lemf\u00f6rde Burggrabenstra\u00dfe20<\/p>\n\n<h2 class=\"wp-block-heading\">Optics<\/h2>\n\n<p>Optik-H\u00f6rger\u00e4te-Schmuck Schr\u00f6der, 49448 Lemf\u00f6rde, Hauptstra\u00dfe 106, Tel: 05443-8215<\/p>\n\n<p>Optik M\u00e4hlmann, 49448 Lemf\u00f6rde, Hauptstra\u00dfe 124, Tel: 05443-9983618<\/p>\n\n<h2 class=\"wp-block-heading\">Police<\/h2>\n\n<p>Service: 49448 Lemf\u00f6rde, Hauptstra\u00dfe, Tel: 05443-203440 or 110\/ 112 Emergency rescue control centre, Diepholz district; 05441-59220<\/p>\n\n<h2 class=\"wp-block-heading\">Restaurants \/ Snack bar<\/h2>\n\n<p>Bar d\u00fc Mar, 49448 H\u00fcde, Zum Fischerhafen 40a, Tel: 05441-9756546<\/p>\n\n<p>D\u00fcmmer Perle, 49448 H\u00fcde, Zum Fischerhafen 22, Tel: 05443-3130282<\/p>\n\n<p>D\u00fcmmer Perle snack bar, opposite the D\u00fcmmer Perle<\/p>\n\n<p>Droste Imbiss, 49448 H\u00fcde, Osnabr\u00fccker Stra\u00dfe 142, Tel: 05443-1707<\/p>\n\n<p>Fisch-Bude-D\u00fcmmer See, 49443 H\u00fcde, Ludwig-Gefe-Stra\u00dfe 1<\/p>\n\n<p>Freche Fritte Imbiss, 49448 H\u00fcde, Ludwig-Gefe-Stra\u00dfe<\/p>\n\n<p>Pizzeria \u201ePierot\u201c, 49448 H\u00fcde, Niedersachsenstra\u00dfe41, Tel: 05443- 2575<\/p>\n\n<p>Pizzeria \u201cDa Giovanni\u201c in the indoor swimming pool, 49448 H\u00fcde, Im Dorfe 19, Tel: 05443-2045526<\/p>\n\n<p>Villa am D\u00fcmmer See, 49448 H\u00fcde, Rohrdommelweg 35, Tel: 05443-9983500<\/p>\n\n<h2 class=\"wp-block-heading\">Taxi<\/h2>\n\n<p>Engelbrecht, 49448 Quernheim, Tel. 05443-8827<\/p>\n\n<h2 class=\"wp-block-heading\">Petrol stations<\/h2>\n\n<p>Raiffeisen petrol station \/ repair shop, 49448 H\u00fcde, Osnabr\u00fccker Stra\u00dfe 93, Tel: 05443-99655<\/p>\n\n<p>Shell petrol station and car wash, 49448 H\u00fcde, Osnabr\u00fccker Stra\u00dfe 79<\/p>\n\n<p>Freie Tankstelle, 49459 Lembruch, Diepholzer Stra\u00dfe 22<\/p>\n\n<p>E-car charging station, 49448 Lemf\u00f6rde, Car park at the Combi market, Burgstra\u00dfe 7<\/p>\n\n<p>E-bike charging station: at Abenteuergolfplatz, 49448 H\u00fcde, Zum Fischerhafen 42<\/p>\n\n<p>E-bike charging station, Bar d\u00fc Mar, 49448 H\u00fcde, Zum Fischerhafen 40a<\/p>\n\n<p>Bicycle charging station: Dorfgemeinschaftshaus H\u00fcde, 49448 H\u00fcde, Twassweg<\/p>\n\n<h2 class=\"wp-block-heading\">Tourist-Info D\u00fcmmerland<\/h2>\n\n<p>Current information about the D\u00fcmmer-Weser-Land: Hikes, cycling tours, festivals, events 49459 Lembruch, Gro\u00dfe Stra\u00dfe 49, Tel: 05447- 242<\/p>\n\n<p>Opening hours: Mon &#8211; Fri. 10.00-16.00<\/p>\n\n<h2 class=\"wp-block-heading\">Zoom<\/h2>\n\n<p>All-terrain wheelchair for hire for people with and without disabilities<\/p>\n\n<p>Booking via the Tourist-Info, see above<\/p>\n","protected":false},"excerpt":{"rendered":"<p>Medical doctors General Burggrabenpraxis, 49448 Lemf\u00f6rde, Am Burggraben 12 Tel: 05443-8877 Dr. Detert, 49448, Lemf\u00f6rde, Bahnhofstra\u00dfe 6, Tel: 05443-1021 Dentists Dr. Hopmann, Dr. Maak, 49448, Untere Bergstra\u00dfe 12, 49448 Lemf\u00f6rde. Tel: 05443-374 Smit, Hubertusstra\u00dfe, 49448 Lemf\u00f6rde, Hubertusstra\u00dfe 12, Tel: 05443-8403 Veterinarians: Dr. Henseleit, Ludwig-Gefe Stra\u00dfe 9, 49448 H\u00fcde, Tel: 05443-2194 Pharmacies Burgapotheke, 49448 Lemf\u00f6rde Burgstra\u00dfe [&hellip;]<\/p>\n","protected":false},"author":2,"featured_media":0,"parent":0,"menu_order":0,"comment_status":"closed","ping_status":"closed","template":"","meta":{"_uag_custom_page_level_css":"","_genesis_hide_title":false,"_genesis_hide_breadcrumbs":false,"_genesis_hide_singular_image":false,"_genesis_hide_footer_widgets":false,"_genesis_custom_body_class":"","_genesis_custom_post_class":"","_genesis_layout":"","footnotes":""},"class_list":{"0":"post-1102","1":"page","2":"type-page","3":"status-publish","5":"entry"},"uagb_featured_image_src":{"full":false,"thumbnail":false,"medium":false,"medium_large":false,"large":false,"1536x1536":false,"2048x2048":false,"sidebar-featured-thumb":false,"featured-image":false,"header-hero":false},"uagb_author_info":{"display_name":"Philipp Menke","author_link":"https:\/\/ilca2024.svh-meisterschaft.de\/en\/author\/menkephilipp\/"},"uagb_comment_info":0,"uagb_excerpt":"Medical doctors General Burggrabenpraxis, 49448 Lemf\u00f6rde, Am Burggraben 12 Tel: 05443-8877 Dr. Detert, 49448, Lemf\u00f6rde, Bahnhofstra\u00dfe 6, Tel: 05443-1021 Dentists Dr. Hopmann, Dr. Maak, 49448, Untere Bergstra\u00dfe 12, 49448 Lemf\u00f6rde. Tel: 05443-374 Smit, Hubertusstra\u00dfe, 49448 Lemf\u00f6rde, Hubertusstra\u00dfe 12, Tel: 05443-8403 Veterinarians: Dr. Henseleit, Ludwig-Gefe Stra\u00dfe 9, 49448 H\u00fcde, Tel: 05443-2194 Pharmacies Burgapotheke, 49448 Lemf\u00f6rde Burgstra\u00dfe&hellip;","_links":{"self":[{"href":"https:\/\/ilca2024.svh-meisterschaft.de\/en\/wp-json\/wp\/v2\/pages\/1102","targetHints":{"allow":["GET"]}}],"collection":[{"href":"https:\/\/ilca2024.svh-meisterschaft.de\/en\/wp-json\/wp\/v2\/pages"}],"about":[{"href":"https:\/\/ilca2024.svh-meisterschaft.de\/en\/wp-json\/wp\/v2\/types\/page"}],"author":[{"embeddable":true,"href":"https:\/\/ilca2024.svh-meisterschaft.de\/en\/wp-json\/wp\/v2\/users\/2"}],"replies":[{"embeddable":true,"href":"https:\/\/ilca2024.svh-meisterschaft.de\/en\/wp-json\/wp\/v2\/comments?post=1102"}],"version-history":[{"count":10,"href":"https:\/\/ilca2024.svh-meisterschaft.de\/en\/wp-json\/wp\/v2\/pages\/1102\/revisions"}],"predecessor-version":[{"id":1136,"href":"https:\/\/ilca2024.svh-meisterschaft.de\/en\/wp-json\/wp\/v2\/pages\/1102\/revisions\/1136"}],"wp:attachment":[{"href":"https:\/\/ilca2024.svh-meisterschaft.de\/en\/wp-json\/wp\/v2\/media?parent=1102"}],"curies":[{"name":"wp","href":"https:\/\/api.w.org\/{rel}","templated":true}]}}